{"id":1198,"date":"2022-07-07T16:59:16","date_gmt":"2022-07-07T16:59:16","guid":{"rendered":"https:\/\/casamontoyamerida.com\/tienda\/?post_type=product&#038;p=1198"},"modified":"2022-07-07T17:00:26","modified_gmt":"2022-07-07T17:00:26","slug":"licuadora-man-1-5-litros","status":"publish","type":"product","link":"https:\/\/casamontoyamerida.com\/tienda\/index.php\/product\/licuadora-man-1-5-litros\/","title":{"rendered":"Licuadora MAN 1.5 Litros"},"content":{"rendered":"<p>Licuadora MAN 1.5 Litros, 500W, 3 Velocidades, Colores Varios<\/p>\n<p>&nbsp;<\/p>\n<div class=\"cptitle-details\">Caracter\u00edsticas<\/div>\n<div class=\"detailsInfo_right_more_attribute\">\n<ul>\n<li>Potencia: 500 W<\/li>\n<li>N\u00famero de velocidades: 3<\/li>\n<li>Taz\u00f3n extraible: <img decoding=\"async\" src=\"https:\/\/www.cyberpuerta.mx\/out\/cyberpuertaV5\/src\/img\/yes.png\" \/><\/li>\n<li>Color del producto: Morado<\/li>\n<\/ul>\n<\/div>\n","protected":false},"excerpt":{"rendered":"<p>Licuadora MAN 1.5 Litros, 500W, 3 Velocidades, Colores Varios &nbsp; Caracter\u00edsticas Potencia: 500 W N\u00famero de velocidades: 3 Taz\u00f3n extraible: Color del producto: Morado<\/p>\n","protected":false},"featured_media":1267,"template":"","meta":{"om_disable_all_campaigns":false,"_monsterinsights_skip_tracking":false,"_monsterinsights_sitenote_active":false,"_monsterinsights_sitenote_note":"","_monsterinsights_sitenote_category":0},"product_cat":[57],"product_tag":[],"aioseo_notices":[],"_links":{"self":[{"href":"https:\/\/casamontoyamerida.com\/tienda\/index.php\/wp-json\/wp\/v2\/product\/1198"}],"collection":[{"href":"https:\/\/casamontoyamerida.com\/tienda\/index.php\/wp-json\/wp\/v2\/product"}],"about":[{"href":"https:\/\/casamontoyamerida.com\/tienda\/index.php\/wp-json\/wp\/v2\/types\/product"}],"version-history":[{"count":0,"href":"https:\/\/casamontoyamerida.com\/tienda\/index.php\/wp-json\/wp\/v2\/product\/1198\/revisions"}],"wp:featuredmedia":[{"embeddable":true,"href":"https:\/\/casamontoyamerida.com\/tienda\/index.php\/wp-json\/wp\/v2\/media\/1267"}],"wp:attachment":[{"href":"https:\/\/casamontoyamerida.com\/tienda\/index.php\/wp-json\/wp\/v2\/media?parent=1198"}],"wp:term":[{"taxonomy":"product_cat","embeddable":true,"href":"https:\/\/casamontoyamerida.com\/tienda\/index.php\/wp-json\/wp\/v2\/product_cat?post=1198"},{"taxonomy":"product_tag","embeddable":true,"href":"https:\/\/casamontoyamerida.com\/tienda\/index.php\/wp-json\/wp\/v2\/product_tag?post=1198"}],"curies":[{"name":"wp","href":"https:\/\/api.w.org\/{rel}","templated":true}]}}