{"id":1214,"date":"2022-07-07T16:59:38","date_gmt":"2022-07-07T16:59:38","guid":{"rendered":"https:\/\/casamontoyamerida.com\/tienda\/?post_type=product&#038;p=1214"},"modified":"2022-07-07T17:00:26","modified_gmt":"2022-07-07T17:00:26","slug":"bomba-de-agua-0-5hp-127v-oakland-bp-1240","status":"publish","type":"product","link":"https:\/\/casamontoyamerida.com\/tienda\/index.php\/product\/bomba-de-agua-0-5hp-127v-oakland-bp-1240\/","title":{"rendered":"Bomba De Agua 0.5HP 127V Oakland BP-1240"},"content":{"rendered":"<h1 class=\"product_title entry-title\">Bomba De Agua 0.5HP 127V Oakland BP-1240<\/h1>\n<p>&nbsp;<\/p>\n<p>Bomba de agua de 0.5 HP Oakland, dise\u00f1ada para uso dom\u00e9stico o para aplicaciones agr\u00edcolas. Transporta agua de un lugar a otro mediante una operaci\u00f3n eficiente, continua y silenciosa. Cuenta con un motor que funciona con 127 volts, tiene una capacidad de 40 L\/Min y opera a 3,460 revoluciones por minuto. De fabricaci\u00f3n met\u00e1lica, brinda mayor resistencia ante el desgaste y corrosi\u00f3n. El empaque incluye manual de instalaci\u00f3n y mantenimiento.<\/p>\n","protected":false},"excerpt":{"rendered":"<p>Bomba De Agua 0.5HP 127V Oakland BP-1240 &nbsp; Bomba de agua de 0.5 HP Oakland, dise\u00f1ada para uso dom\u00e9stico o para aplicaciones agr\u00edcolas. Transporta agua de un lugar a otro mediante una operaci\u00f3n eficiente, continua y silenciosa. Cuenta con un motor que funciona con 127 volts, tiene una capacidad de 40 L\/Min y opera a [&hellip;]<\/p>\n","protected":false},"featured_media":1268,"template":"","meta":{"om_disable_all_campaigns":false,"_monsterinsights_skip_tracking":false,"_monsterinsights_sitenote_active":false,"_monsterinsights_sitenote_note":"","_monsterinsights_sitenote_category":0},"product_cat":[57],"product_tag":[],"aioseo_notices":[],"_links":{"self":[{"href":"https:\/\/casamontoyamerida.com\/tienda\/index.php\/wp-json\/wp\/v2\/product\/1214"}],"collection":[{"href":"https:\/\/casamontoyamerida.com\/tienda\/index.php\/wp-json\/wp\/v2\/product"}],"about":[{"href":"https:\/\/casamontoyamerida.com\/tienda\/index.php\/wp-json\/wp\/v2\/types\/product"}],"version-history":[{"count":0,"href":"https:\/\/casamontoyamerida.com\/tienda\/index.php\/wp-json\/wp\/v2\/product\/1214\/revisions"}],"wp:featuredmedia":[{"embeddable":true,"href":"https:\/\/casamontoyamerida.com\/tienda\/index.php\/wp-json\/wp\/v2\/media\/1268"}],"wp:attachment":[{"href":"https:\/\/casamontoyamerida.com\/tienda\/index.php\/wp-json\/wp\/v2\/media?parent=1214"}],"wp:term":[{"taxonomy":"product_cat","embeddable":true,"href":"https:\/\/casamontoyamerida.com\/tienda\/index.php\/wp-json\/wp\/v2\/product_cat?post=1214"},{"taxonomy":"product_tag","embeddable":true,"href":"https:\/\/casamontoyamerida.com\/tienda\/index.php\/wp-json\/wp\/v2\/product_tag?post=1214"}],"curies":[{"name":"wp","href":"https:\/\/api.w.org\/{rel}","templated":true}]}}