{"id":1217,"date":"2022-07-07T16:59:38","date_gmt":"2022-07-07T16:59:38","guid":{"rendered":"https:\/\/casamontoyamerida.com\/tienda\/?post_type=product&#038;p=1217"},"modified":"2022-07-07T17:00:27","modified_gmt":"2022-07-07T17:00:27","slug":"molino-para-granos-estrella-11539-rojo","status":"publish","type":"product","link":"https:\/\/casamontoyamerida.com\/tienda\/index.php\/product\/molino-para-granos-estrella-11539-rojo\/","title":{"rendered":"Molino para Granos ESTRELLA 11539 ROJO"},"content":{"rendered":"<p>Ideal para ma\u00edz, garbanzo, trigo, almendras y m\u00e1s.<br \/>\nSe sujeta f\u00e1cil y r\u00e1pido a cualquier mesa o base<br \/>\nFacil de limpiar y de usar<br \/>\nCapacidad m\u00e1xima de molienda de 1 kg<br \/>\nNo haga funcionar el molino sin grano en la tolva.<\/p>\n<p>Importante<br \/>\nEl desgaste excesivo ocurrir\u00e1 si los discos de molienda se accionan sin grano.<br \/>\nDespu\u00e9s de lavar el molino aseg\u00farese de secarlo totalmente, sobre todo los discos de molienda y el gusano alimentador.<\/p>\n<p>Especificaciones<br \/>\nCapacidad m\u00e1xima de molienda<br \/>\n1kg de maiz<br \/>\n1kg de garbanzo<br \/>\n1kg de trigo<br \/>\n1kg de almendra y mas<\/p>\n<p>Incluye<br \/>\nMolino Estrella para Granos 11539 Rojo<br \/>\nP\u00f3liza de garant\u00eda<\/p>\n<p>Hecho en M\u00e9xico<\/p>\n","protected":false},"excerpt":{"rendered":"<p>Ideal para ma\u00edz, garbanzo, trigo, almendras y m\u00e1s. Se sujeta f\u00e1cil y r\u00e1pido a cualquier mesa o base Facil de limpiar y de usar Capacidad m\u00e1xima de molienda de 1 kg No haga funcionar el molino sin grano en la tolva. Importante El desgaste excesivo ocurrir\u00e1 si los discos de molienda se accionan sin grano. [&hellip;]<\/p>\n","protected":false},"featured_media":1270,"template":"","meta":{"om_disable_all_campaigns":false,"_monsterinsights_skip_tracking":false,"_monsterinsights_sitenote_active":false,"_monsterinsights_sitenote_note":"","_monsterinsights_sitenote_category":0},"product_cat":[57],"product_tag":[],"aioseo_notices":[],"_links":{"self":[{"href":"https:\/\/casamontoyamerida.com\/tienda\/index.php\/wp-json\/wp\/v2\/product\/1217"}],"collection":[{"href":"https:\/\/casamontoyamerida.com\/tienda\/index.php\/wp-json\/wp\/v2\/product"}],"about":[{"href":"https:\/\/casamontoyamerida.com\/tienda\/index.php\/wp-json\/wp\/v2\/types\/product"}],"version-history":[{"count":0,"href":"https:\/\/casamontoyamerida.com\/tienda\/index.php\/wp-json\/wp\/v2\/product\/1217\/revisions"}],"wp:featuredmedia":[{"embeddable":true,"href":"https:\/\/casamontoyamerida.com\/tienda\/index.php\/wp-json\/wp\/v2\/media\/1270"}],"wp:attachment":[{"href":"https:\/\/casamontoyamerida.com\/tienda\/index.php\/wp-json\/wp\/v2\/media?parent=1217"}],"wp:term":[{"taxonomy":"product_cat","embeddable":true,"href":"https:\/\/casamontoyamerida.com\/tienda\/index.php\/wp-json\/wp\/v2\/product_cat?post=1217"},{"taxonomy":"product_tag","embeddable":true,"href":"https:\/\/casamontoyamerida.com\/tienda\/index.php\/wp-json\/wp\/v2\/product_tag?post=1217"}],"curies":[{"name":"wp","href":"https:\/\/api.w.org\/{rel}","templated":true}]}}