{"id":1219,"date":"2022-07-07T16:59:38","date_gmt":"2022-07-07T16:59:38","guid":{"rendered":"https:\/\/casamontoyamerida.com\/tienda\/?post_type=product&#038;p=1219"},"modified":"2022-07-07T17:00:30","modified_gmt":"2022-07-07T17:00:30","slug":"koblenz-ckm-212-in-cafetera-de-12-tazas-tamano-unico-color-negro","status":"publish","type":"product","link":"https:\/\/casamontoyamerida.com\/tienda\/index.php\/product\/koblenz-ckm-212-in-cafetera-de-12-tazas-tamano-unico-color-negro\/","title":{"rendered":"Koblenz CKM-212 IN &#8211; Cafetera de 12 tazas, tama\u00f1o \u00fanico, color negro"},"content":{"rendered":"<h1 id=\"title\" class=\"a-size-large a-spacing-none\"><span id=\"productTitle\" class=\"a-size-large product-title-word-break\">Koblenz CKM-212 IN &#8211; Cafetera de 12 tazas, tama\u00f1o \u00fanico, color negro <\/span><\/h1>\n<p>&nbsp;<\/p>\n<h1 class=\"a-size-base-plus a-text-bold\">Acerca de este art\u00edculo<\/h1>\n<ul class=\"a-unordered-list a-vertical a-spacing-mini\">\n<li><span class=\"a-list-item\"> Capacidad de 12 tazas <\/span><\/li>\n<li><span class=\"a-list-item\"> Filtro lavable permanente <\/span><\/li>\n<li><span class=\"a-list-item\"> Placa calefactora <\/span><\/li>\n<li><span class=\"a-list-item\"> Funci\u00f3n antigoteo <\/span><\/li>\n<li><span class=\"a-list-item\"> Interruptor de encendido\/apagado con indicador LED <\/span><\/li>\n<\/ul>\n","protected":false},"excerpt":{"rendered":"<p>Koblenz CKM-212 IN &#8211; Cafetera de 12 tazas, tama\u00f1o \u00fanico, color negro &nbsp; Acerca de este art\u00edculo Capacidad de 12 tazas Filtro lavable permanente Placa calefactora Funci\u00f3n antigoteo Interruptor de encendido\/apagado con indicador LED<\/p>\n","protected":false},"featured_media":1273,"template":"","meta":{"om_disable_all_campaigns":false,"_monsterinsights_skip_tracking":false,"_monsterinsights_sitenote_active":false,"_monsterinsights_sitenote_note":"","_monsterinsights_sitenote_category":0},"product_cat":[57],"product_tag":[],"aioseo_notices":[],"_links":{"self":[{"href":"https:\/\/casamontoyamerida.com\/tienda\/index.php\/wp-json\/wp\/v2\/product\/1219"}],"collection":[{"href":"https:\/\/casamontoyamerida.com\/tienda\/index.php\/wp-json\/wp\/v2\/product"}],"about":[{"href":"https:\/\/casamontoyamerida.com\/tienda\/index.php\/wp-json\/wp\/v2\/types\/product"}],"version-history":[{"count":0,"href":"https:\/\/casamontoyamerida.com\/tienda\/index.php\/wp-json\/wp\/v2\/product\/1219\/revisions"}],"wp:featuredmedia":[{"embeddable":true,"href":"https:\/\/casamontoyamerida.com\/tienda\/index.php\/wp-json\/wp\/v2\/media\/1273"}],"wp:attachment":[{"href":"https:\/\/casamontoyamerida.com\/tienda\/index.php\/wp-json\/wp\/v2\/media?parent=1219"}],"wp:term":[{"taxonomy":"product_cat","embeddable":true,"href":"https:\/\/casamontoyamerida.com\/tienda\/index.php\/wp-json\/wp\/v2\/product_cat?post=1219"},{"taxonomy":"product_tag","embeddable":true,"href":"https:\/\/casamontoyamerida.com\/tienda\/index.php\/wp-json\/wp\/v2\/product_tag?post=1219"}],"curies":[{"name":"wp","href":"https:\/\/api.w.org\/{rel}","templated":true}]}}