{"id":1220,"date":"2022-07-07T16:59:38","date_gmt":"2022-07-07T16:59:38","guid":{"rendered":"https:\/\/casamontoyamerida.com\/tienda\/?post_type=product&#038;p=1220"},"modified":"2022-07-07T17:00:30","modified_gmt":"2022-07-07T17:00:30","slug":"licuadora-oster-con-vaso-de-vidrio-y-dos-velocidades-mas-pulso-blstkagrpb","status":"publish","type":"product","link":"https:\/\/casamontoyamerida.com\/tienda\/index.php\/product\/licuadora-oster-con-vaso-de-vidrio-y-dos-velocidades-mas-pulso-blstkagrpb\/","title":{"rendered":"Licuadora Oster\u00ae Con Vaso De Vidrio Y Dos Velocidades M\u00e1s Pulso Blstkagrpb"},"content":{"rendered":"<h1 id=\"title\" class=\"a-size-large a-spacing-none\"><span id=\"productTitle\" class=\"a-size-large product-title-word-break\">Licuadora Oster\u00ae Con Vaso De Vidrio Y Dos Velocidades M\u00e1s Pulso Blstkagrpb <\/span><\/h1>\n<p>&nbsp;<\/p>\n<p>&nbsp;<\/p>\n<div id=\"productOverview_feature_div\" class=\"celwidget\" data-feature-name=\"productOverview\" data-csa-c-id=\"1zlnzq-7z09p3-4etpij-olz5s0\" data-cel-widget=\"productOverview_feature_div\">\n<div class=\"a-section a-spacing-small a-spacing-top-small\">\n<table class=\"a-normal a-spacing-micro\">\n<tbody>\n<tr class=\"a-spacing-small po-color\">\n<td class=\"a-span3\"><span class=\"a-size-base a-text-bold\">olor<\/span><\/td>\n<td class=\"a-span9\"><span class=\"a-size-base\">Rojo<\/span><\/td>\n<\/tr>\n<tr class=\"a-spacing-small po-material\">\n<td class=\"a-span3\"><span class=\"a-size-base a-text-bold\">Material<\/span><\/td>\n<td class=\"a-span9\"><span class=\"a-size-base\">Vidrio<\/span><\/td>\n<\/tr>\n<tr class=\"a-spacing-small po-brand\">\n<td class=\"a-span3\"><span class=\"a-size-base a-text-bold\">Marca<\/span><\/td>\n<td class=\"a-span9\"><span class=\"a-size-base\">Oster<\/span><\/td>\n<\/tr>\n<tr class=\"a-spacing-small po-item_dimensions\">\n<td class=\"a-span3\"><span class=\"a-size-base a-text-bold\">Dimensiones del art\u00edculo Largo x ancho x alto<\/span><\/td>\n<td class=\"a-span9\"><span class=\"a-size-base\">25.9 x 18.3 x 34 centimeters<\/span><\/td>\n<\/tr>\n<tr class=\"a-spacing-small po-wattage\">\n<td class=\"a-span3\"><span class=\"a-size-base a-text-bold\">Potencia<\/span><\/td>\n<td class=\"a-span9\"><span class=\"a-size-base\">550 watts<\/span><\/td>\n<\/tr>\n<\/tbody>\n<\/table>\n<\/div>\n<\/div>\n<div id=\"featurebullets_feature_div\" class=\"celwidget\" data-feature-name=\"featurebullets\" data-csa-c-id=\"f5z24k-q7gnrh-ru9ed3-5zq0i1\" data-cel-widget=\"featurebullets_feature_div\">\n<div id=\"feature-bullets\" class=\"a-section a-spacing-medium a-spacing-top-small\">\n<hr \/>\n<h1 class=\"a-size-base-plus a-text-bold\">Acerca de este art\u00edculo<\/h1>\n<ul class=\"a-unordered-list a-vertical a-spacing-mini\">\n<li><span class=\"a-list-item\"> Motor cuatro veces m\u00e1s duradero de 550 W <\/span><\/li>\n<li><span class=\"a-list-item\"> Vaso de vidrio resistente a un choque t\u00e9rmico de 90\u00b0C, que te permite procesar ingredientes hirviendo sin necesidad de esperar a que estos se enfr\u00eden, capacidad de 1.5 litros para preparar desde sopas hasta jugos, salsas y bebidas con hielo <\/span><\/li>\n<li><span class=\"a-list-item\"> Dos velocidades con pulso alto y bajo <\/span><\/li>\n<li><span class=\"a-list-item\"> Acople met\u00e1lico 10 veces m\u00e1s fuerte <\/span><\/li>\n<li><span class=\"a-list-item\"> Revolucionaria cuchilla trituradora de hielo <\/span><\/li>\n<\/ul>\n<\/div>\n<\/div>\n","protected":false},"excerpt":{"rendered":"<p>Licuadora Oster\u00ae Con Vaso De Vidrio Y Dos Velocidades M\u00e1s Pulso Blstkagrpb &nbsp; &nbsp; olor Rojo Material Vidrio Marca Oster Dimensiones del art\u00edculo Largo x ancho x alto 25.9 x 18.3 x 34 centimeters Potencia 550 watts Acerca de este art\u00edculo Motor cuatro veces m\u00e1s duradero de 550 W Vaso de vidrio resistente a un [&hellip;]<\/p>\n","protected":false},"featured_media":1274,"template":"","meta":{"om_disable_all_campaigns":false,"_monsterinsights_skip_tracking":false,"_monsterinsights_sitenote_active":false,"_monsterinsights_sitenote_note":"","_monsterinsights_sitenote_category":0},"product_cat":[57],"product_tag":[],"aioseo_notices":[],"_links":{"self":[{"href":"https:\/\/casamontoyamerida.com\/tienda\/index.php\/wp-json\/wp\/v2\/product\/1220"}],"collection":[{"href":"https:\/\/casamontoyamerida.com\/tienda\/index.php\/wp-json\/wp\/v2\/product"}],"about":[{"href":"https:\/\/casamontoyamerida.com\/tienda\/index.php\/wp-json\/wp\/v2\/types\/product"}],"version-history":[{"count":0,"href":"https:\/\/casamontoyamerida.com\/tienda\/index.php\/wp-json\/wp\/v2\/product\/1220\/revisions"}],"wp:featuredmedia":[{"embeddable":true,"href":"https:\/\/casamontoyamerida.com\/tienda\/index.php\/wp-json\/wp\/v2\/media\/1274"}],"wp:attachment":[{"href":"https:\/\/casamontoyamerida.com\/tienda\/index.php\/wp-json\/wp\/v2\/media?parent=1220"}],"wp:term":[{"taxonomy":"product_cat","embeddable":true,"href":"https:\/\/casamontoyamerida.com\/tienda\/index.php\/wp-json\/wp\/v2\/product_cat?post=1220"},{"taxonomy":"product_tag","embeddable":true,"href":"https:\/\/casamontoyamerida.com\/tienda\/index.php\/wp-json\/wp\/v2\/product_tag?post=1220"}],"curies":[{"name":"wp","href":"https:\/\/api.w.org\/{rel}","templated":true}]}}